{"id":7172,"date":"2019-05-14T12:45:36","date_gmt":"2019-05-14T10:45:36","guid":{"rendered":"https:\/\/www.inshotturcambrils.com\/escuela\/perfil-del-contractant\/"},"modified":"2019-06-27T13:08:11","modified_gmt":"2019-06-27T11:08:11","slug":"perfil-del-contratante","status":"publish","type":"page","link":"https:\/\/www.inshotturcambrils.com\/es\/escuela\/perfil-del-contratante\/","title":{"rendered":"Perfil del contratante"},"content":{"rendered":"[vc_row type=&#8221;full_width_background&#8221; full_screen_row_position=&#8221;middle&#8221; bg_color=&#8221;#ffffff&#8221; scene_position=&#8221;center&#8221; text_color=&#8221;dark&#8221; text_align=&#8221;left&#8221; top_padding=&#8221;10%&#8221; bottom_padding=&#8221;10%&#8221; overlay_strength=&#8221;0.3&#8243; shape_divider_position=&#8221;bottom&#8221; bg_image_animation=&#8221;none&#8221; shape_type=&#8221;&#8221;][vc_column column_padding=&#8221;no-extra-padding&#8221; column_padding_position=&#8221;all&#8221; background_color_opacity=&#8221;1&#8243; background_hover_color_opacity=&#8221;1&#8243; column_link_target=&#8221;_self&#8221; column_shadow=&#8221;none&#8221; column_border_radius=&#8221;none&#8221; width=&#8221;1\/1&#8243; tablet_width_inherit=&#8221;default&#8221; tablet_text_alignment=&#8221;default&#8221; phone_text_alignment=&#8221;default&#8221; column_border_width=&#8221;none&#8221; column_border_style=&#8221;solid&#8221; bg_image_animation=&#8221;none&#8221;][vc_column_text css=&#8221;.vc_custom_1561633406958{margin-top: -8px !important;margin-bottom: -8px !important;}&#8221;]\n<h3 style=\"text-align: left;\">Adjudicaci\u00f3n del contrato de limpieza<\/h3>\n[\/vc_column_text][divider line_type=&#8221;Small Line&#8221; line_alignment=&#8221;default&#8221; line_thickness=&#8221;4&#8243; divider_color=&#8221;accent-color&#8221; animate=&#8221;yes&#8221; custom_height=&#8221;60&#8243; custom_line_width=&#8221;100&#8243;][vc_row_inner column_margin=&#8221;default&#8221; text_align=&#8221;left&#8221;][vc_column_inner column_padding=&#8221;no-extra-padding&#8221; column_padding_position=&#8221;all&#8221; background_color_opacity=&#8221;1&#8243; background_hover_color_opacity=&#8221;1&#8243; column_shadow=&#8221;none&#8221; column_border_radius=&#8221;none&#8221; column_link_target=&#8221;_self&#8221; width=&#8221;1\/1&#8243; tablet_width_inherit=&#8221;default&#8221; column_border_width=&#8221;none&#8221; column_border_style=&#8221;solid&#8221; bg_image_animation=&#8221;none&#8221; enable_animation=&#8221;true&#8221; animation=&#8221;fade-in-from-bottom&#8221;][nectar_horizontal_list_item columns=&#8221;3&#8243; column_layout_using_3_columns=&#8221;large_first&#8221; col_1_text_align=&#8221;left&#8221; col_2_text_align=&#8221;left&#8221; col_3_text_align=&#8221;right&#8221; font_family=&#8221;h4&#8243; hover_color=&#8221;accent-color&#8221; col_1_content=&#8221;Anuncio perfil del contratante&#8221; col_2_content=&#8221;<em>Cerrado<\/em>&#8221; cta_1_text=&#8221;Descargar&#8221; cta_1_url=&#8221;http:\/\/www.inshotturcambrils.cat\/wp-content\/uploads\/2019\/05\/Resolucio-inici-i-aprovacio-expedient.definitiu-V1.pdf&#8221;][nectar_horizontal_list_item columns=&#8221;3&#8243; column_layout_using_3_columns=&#8221;large_first&#8221; col_1_text_align=&#8221;left&#8221; col_2_text_align=&#8221;left&#8221; col_3_text_align=&#8221;right&#8221; font_family=&#8221;h4&#8243; hover_color=&#8221;accent-color&#8221; col_1_content=&#8221;Pliego cl\u00e1usulas administrativas&#8221; col_2_content=&#8221;<em>Cerrado<\/em>&#8221; cta_1_text=&#8221;Descargar&#8221; cta_1_url=&#8221;http:\/\/www.inshotturcambrils.cat\/wp-content\/uploads\/2019\/05\/Plec-clausules-administratives-serveis.pdf&#8221;][nectar_horizontal_list_item columns=&#8221;3&#8243; column_layout_using_3_columns=&#8221;large_first&#8221; col_1_text_align=&#8221;left&#8221; col_2_text_align=&#8221;left&#8221; col_3_text_align=&#8221;right&#8221; font_family=&#8221;h4&#8243; hover_color=&#8221;accent-color&#8221; col_1_content=&#8221;Resoluci\u00f3n adjudicaci\u00f3n&#8221; col_2_content=&#8221;<em>Cerrado<\/em>&#8221; cta_1_text=&#8221;Descargar&#8221; cta_1_url=&#8221;http:\/\/www.inshotturcambrils.cat\/wp-content\/uploads\/2019\/05\/Resolucio-adjudicacio-serveis.pdf&#8221;][nectar_horizontal_list_item columns=&#8221;3&#8243; column_layout_using_3_columns=&#8221;large_first&#8221; col_1_text_align=&#8221;left&#8221; col_2_text_align=&#8221;left&#8221; col_3_text_align=&#8221;right&#8221; font_family=&#8221;h4&#8243; hover_color=&#8221;accent-color&#8221; col_1_content=&#8221;Apertura sobre C&#8221; col_2_content=&#8221;<em>Cerrado<\/em>&#8221; cta_1_text=&#8221;Descargar&#8221;][nectar_horizontal_list_item columns=&#8221;3&#8243; column_layout_using_3_columns=&#8221;large_first&#8221; col_1_text_align=&#8221;left&#8221; col_2_text_align=&#8221;left&#8221; col_3_text_align=&#8221;right&#8221; font_family=&#8221;h4&#8243; hover_color=&#8221;accent-color&#8221; col_1_content=&#8221;Anuncio licitaci\u00f3n&#8221; col_2_content=&#8221;<em>Cerrado<\/em>&#8221; cta_1_text=&#8221;Descargar&#8221;][nectar_horizontal_list_item columns=&#8221;3&#8243; column_layout_using_3_columns=&#8221;large_first&#8221; col_1_text_align=&#8221;left&#8221; col_2_text_align=&#8221;left&#8221; col_3_text_align=&#8221;right&#8221; font_family=&#8221;h4&#8243; hover_color=&#8221;accent-color&#8221; col_1_content=&#8221;Prescripciones t\u00e9cnicas&#8221; col_2_content=&#8221;<em>Cerrado<\/em>&#8221; cta_1_text=&#8221;Descargar&#8221; cta_1_url=&#8221;http:\/\/www.inshotturcambrils.cat\/wp-content\/uploads\/2019\/05\/Prescripcions-tecniques-contracte-serveis.pdf&#8221;][nectar_horizontal_list_item columns=&#8221;3&#8243; column_layout_using_3_columns=&#8221;large_first&#8221; col_1_text_align=&#8221;left&#8221; col_2_text_align=&#8221;left&#8221; col_3_text_align=&#8221;right&#8221; font_family=&#8221;h4&#8243; hover_color=&#8221;accent-color&#8221; col_1_content=&#8221;Anuncio p\u00fablico formalizaci\u00f3n contrato&#8221; col_2_content=&#8221;<em>Cerrado<\/em>&#8221; cta_1_text=&#8221;Descargar&#8221; cta_1_url=&#8221;http:\/\/www.inshotturcambrils.cat\/wp-content\/uploads\/2019\/05\/formalitzacio-contracte-serveis.pdf&#8221;][\/vc_column_inner][\/vc_row_inner][\/vc_column][\/vc_row]\n","protected":false},"excerpt":{"rendered":"<p>[vc_row type=&#8221;full_width_background&#8221; full_screen_row_position=&#8221;middle&#8221; bg_color=&#8221;#ffffff&#8221; scene_position=&#8221;center&#8221; text_color=&#8221;dark&#8221; text_align=&#8221;left&#8221; top_padding=&#8221;10%&#8221; bottom_padding=&#8221;10%&#8221; overlay_strength=&#8221;0.3&#8243; shape_divider_position=&#8221;bottom&#8221; bg_image_animation=&#8221;none&#8221; shape_type=&#8221;&#8221;][vc_column column_padding=&#8221;no-extra-padding&#8221; column_padding_position=&#8221;all&#8221; background_color_opacity=&#8221;1&#8243; background_hover_color_opacity=&#8221;1&#8243; column_link_target=&#8221;_self&#8221; column_shadow=&#8221;none&#8221; column_border_radius=&#8221;none&#8221; width=&#8221;1\/1&#8243; tablet_width_inherit=&#8221;default&#8221; tablet_text_alignment=&#8221;default&#8221; phone_text_alignment=&#8221;default&#8221; column_border_width=&#8221;none&#8221; column_border_style=&#8221;solid&#8221; bg_image_animation=&#8221;none&#8221;][vc_column_text css=&#8221;.vc_custom_1561633406958{margin-top: -8px !important;margin-bottom:&#8230;<\/p>\n","protected":false},"author":1,"featured_media":0,"parent":7094,"menu_order":0,"comment_status":"closed","ping_status":"closed","template":"","meta":{"inline_featured_image":false,"footnotes":""},"class_list":["post-7172","page","type-page","status-publish"],"yoast_head":"<!-- This site is optimized with the Yoast SEO plugin v27.4 - https:\/\/yoast.com\/product\/yoast-seo-wordpress\/ -->\n<title>Perfil del contratante - Institut Escola d&#039;Hoteleria i Turisme de Cambrils<\/title>\n<meta name=\"robots\" content=\"index, follow, max-snippet:-1, max-image-preview:large, max-video-preview:-1\" \/>\n<link rel=\"canonical\" href=\"https:\/\/www.inshotturcambrils.com\/es\/escuela\/perfil-del-contratante\/\" \/>\n<meta property=\"og:locale\" content=\"es_ES\" \/>\n<meta property=\"og:type\" content=\"article\" \/>\n<meta property=\"og:title\" content=\"Perfil del contratante - Institut Escola d&#039;Hoteleria i Turisme de Cambrils\" \/>\n<meta property=\"og:description\" content=\"[vc_row type=&#8221;full_width_background&#8221; full_screen_row_position=&#8221;middle&#8221; bg_color=&#8221;#ffffff&#8221; scene_position=&#8221;center&#8221; text_color=&#8221;dark&#8221; text_align=&#8221;left&#8221; top_padding=&#8221;10%&#8221; bottom_padding=&#8221;10%&#8221; overlay_strength=&#8221;0.3&#8243; shape_divider_position=&#8221;bottom&#8221; bg_image_animation=&#8221;none&#8221; shape_type=&#8221;&#8221;][vc_column column_padding=&#8221;no-extra-padding&#8221; column_padding_position=&#8221;all&#8221; background_color_opacity=&#8221;1&#8243; background_hover_color_opacity=&#8221;1&#8243; column_link_target=&#8221;_self&#8221; column_shadow=&#8221;none&#8221; column_border_radius=&#8221;none&#8221; width=&#8221;1\/1&#8243; tablet_width_inherit=&#8221;default&#8221; tablet_text_alignment=&#8221;default&#8221; phone_text_alignment=&#8221;default&#8221; column_border_width=&#8221;none&#8221; column_border_style=&#8221;solid&#8221; bg_image_animation=&#8221;none&#8221;][vc_column_text css=&#8221;.vc_custom_1561633406958{margin-top: -8px !important;margin-bottom:...\" \/>\n<meta property=\"og:url\" content=\"https:\/\/www.inshotturcambrils.com\/es\/escuela\/perfil-del-contratante\/\" \/>\n<meta property=\"og:site_name\" content=\"Institut Escola d&#039;Hoteleria i Turisme de Cambrils\" \/>\n<meta property=\"article:modified_time\" content=\"2019-06-27T11:08:11+00:00\" \/>\n<meta name=\"twitter:card\" content=\"summary_large_image\" \/>\n<meta name=\"twitter:label1\" content=\"Tiempo de lectura\" \/>\n\t<meta name=\"twitter:data1\" content=\"3 minutos\" \/>\n<script type=\"application\/ld+json\" class=\"yoast-schema-graph\">{\"@context\":\"https:\\\/\\\/schema.org\",\"@graph\":[{\"@type\":\"WebPage\",\"@id\":\"https:\\\/\\\/www.inshotturcambrils.com\\\/es\\\/escuela\\\/perfil-del-contratante\\\/\",\"url\":\"https:\\\/\\\/www.inshotturcambrils.com\\\/es\\\/escuela\\\/perfil-del-contratante\\\/\",\"name\":\"Perfil del contratante - Institut Escola d&#039;Hoteleria i Turisme de Cambrils\",\"isPartOf\":{\"@id\":\"https:\\\/\\\/www.inshotturcambrils.com\\\/#website\"},\"datePublished\":\"2019-05-14T10:45:36+00:00\",\"dateModified\":\"2019-06-27T11:08:11+00:00\",\"breadcrumb\":{\"@id\":\"https:\\\/\\\/www.inshotturcambrils.com\\\/es\\\/escuela\\\/perfil-del-contratante\\\/#breadcrumb\"},\"inLanguage\":\"es\",\"potentialAction\":[{\"@type\":\"ReadAction\",\"target\":[\"https:\\\/\\\/www.inshotturcambrils.com\\\/es\\\/escuela\\\/perfil-del-contratante\\\/\"]}]},{\"@type\":\"BreadcrumbList\",\"@id\":\"https:\\\/\\\/www.inshotturcambrils.com\\\/es\\\/escuela\\\/perfil-del-contratante\\\/#breadcrumb\",\"itemListElement\":[{\"@type\":\"ListItem\",\"position\":1,\"name\":\"Portada\",\"item\":\"https:\\\/\\\/www.inshotturcambrils.com\\\/es\\\/\"},{\"@type\":\"ListItem\",\"position\":2,\"name\":\"Escuela\",\"item\":\"https:\\\/\\\/www.inshotturcambrils.com\\\/es\\\/escuela\\\/\"},{\"@type\":\"ListItem\",\"position\":3,\"name\":\"Perfil del contratante\"}]},{\"@type\":\"WebSite\",\"@id\":\"https:\\\/\\\/www.inshotturcambrils.com\\\/#website\",\"url\":\"https:\\\/\\\/www.inshotturcambrils.com\\\/\",\"name\":\"Institut Escola d&#039;Hoteleria i Turisme de Cambrils\",\"description\":\"Formaci\u00f3 Professional en hoteleria, turisme i ind\u00fastries aliment\u00e0ries de Cambrils, d\u2019Europa i del m\u00f3n.\",\"potentialAction\":[{\"@type\":\"SearchAction\",\"target\":{\"@type\":\"EntryPoint\",\"urlTemplate\":\"https:\\\/\\\/www.inshotturcambrils.com\\\/?s={search_term_string}\"},\"query-input\":{\"@type\":\"PropertyValueSpecification\",\"valueRequired\":true,\"valueName\":\"search_term_string\"}}],\"inLanguage\":\"es\"}]}<\/script>\n<!-- \/ Yoast SEO plugin. -->","yoast_head_json":{"title":"Perfil del contratante - Institut Escola d&#039;Hoteleria i Turisme de Cambrils","robots":{"index":"index","follow":"follow","max-snippet":"max-snippet:-1","max-image-preview":"max-image-preview:large","max-video-preview":"max-video-preview:-1"},"canonical":"https:\/\/www.inshotturcambrils.com\/es\/escuela\/perfil-del-contratante\/","og_locale":"es_ES","og_type":"article","og_title":"Perfil del contratante - Institut Escola d&#039;Hoteleria i Turisme de Cambrils","og_description":"[vc_row type=&#8221;full_width_background&#8221; full_screen_row_position=&#8221;middle&#8221; bg_color=&#8221;#ffffff&#8221; scene_position=&#8221;center&#8221; text_color=&#8221;dark&#8221; text_align=&#8221;left&#8221; top_padding=&#8221;10%&#8221; bottom_padding=&#8221;10%&#8221; overlay_strength=&#8221;0.3&#8243; shape_divider_position=&#8221;bottom&#8221; bg_image_animation=&#8221;none&#8221; shape_type=&#8221;&#8221;][vc_column column_padding=&#8221;no-extra-padding&#8221; column_padding_position=&#8221;all&#8221; background_color_opacity=&#8221;1&#8243; background_hover_color_opacity=&#8221;1&#8243; column_link_target=&#8221;_self&#8221; column_shadow=&#8221;none&#8221; column_border_radius=&#8221;none&#8221; width=&#8221;1\/1&#8243; tablet_width_inherit=&#8221;default&#8221; tablet_text_alignment=&#8221;default&#8221; phone_text_alignment=&#8221;default&#8221; column_border_width=&#8221;none&#8221; column_border_style=&#8221;solid&#8221; bg_image_animation=&#8221;none&#8221;][vc_column_text css=&#8221;.vc_custom_1561633406958{margin-top: -8px !important;margin-bottom:...","og_url":"https:\/\/www.inshotturcambrils.com\/es\/escuela\/perfil-del-contratante\/","og_site_name":"Institut Escola d&#039;Hoteleria i Turisme de Cambrils","article_modified_time":"2019-06-27T11:08:11+00:00","twitter_card":"summary_large_image","twitter_misc":{"Tiempo de lectura":"3 minutos"},"schema":{"@context":"https:\/\/schema.org","@graph":[{"@type":"WebPage","@id":"https:\/\/www.inshotturcambrils.com\/es\/escuela\/perfil-del-contratante\/","url":"https:\/\/www.inshotturcambrils.com\/es\/escuela\/perfil-del-contratante\/","name":"Perfil del contratante - Institut Escola d&#039;Hoteleria i Turisme de Cambrils","isPartOf":{"@id":"https:\/\/www.inshotturcambrils.com\/#website"},"datePublished":"2019-05-14T10:45:36+00:00","dateModified":"2019-06-27T11:08:11+00:00","breadcrumb":{"@id":"https:\/\/www.inshotturcambrils.com\/es\/escuela\/perfil-del-contratante\/#breadcrumb"},"inLanguage":"es","potentialAction":[{"@type":"ReadAction","target":["https:\/\/www.inshotturcambrils.com\/es\/escuela\/perfil-del-contratante\/"]}]},{"@type":"BreadcrumbList","@id":"https:\/\/www.inshotturcambrils.com\/es\/escuela\/perfil-del-contratante\/#breadcrumb","itemListElement":[{"@type":"ListItem","position":1,"name":"Portada","item":"https:\/\/www.inshotturcambrils.com\/es\/"},{"@type":"ListItem","position":2,"name":"Escuela","item":"https:\/\/www.inshotturcambrils.com\/es\/escuela\/"},{"@type":"ListItem","position":3,"name":"Perfil del contratante"}]},{"@type":"WebSite","@id":"https:\/\/www.inshotturcambrils.com\/#website","url":"https:\/\/www.inshotturcambrils.com\/","name":"Institut Escola d&#039;Hoteleria i Turisme de Cambrils","description":"Formaci\u00f3 Professional en hoteleria, turisme i ind\u00fastries aliment\u00e0ries de Cambrils, d\u2019Europa i del m\u00f3n.","potentialAction":[{"@type":"SearchAction","target":{"@type":"EntryPoint","urlTemplate":"https:\/\/www.inshotturcambrils.com\/?s={search_term_string}"},"query-input":{"@type":"PropertyValueSpecification","valueRequired":true,"valueName":"search_term_string"}}],"inLanguage":"es"}]}},"_links":{"self":[{"href":"https:\/\/www.inshotturcambrils.com\/es\/wp-json\/wp\/v2\/pages\/7172","targetHints":{"allow":["GET"]}}],"collection":[{"href":"https:\/\/www.inshotturcambrils.com\/es\/wp-json\/wp\/v2\/pages"}],"about":[{"href":"https:\/\/www.inshotturcambrils.com\/es\/wp-json\/wp\/v2\/types\/page"}],"author":[{"embeddable":true,"href":"https:\/\/www.inshotturcambrils.com\/es\/wp-json\/wp\/v2\/users\/1"}],"replies":[{"embeddable":true,"href":"https:\/\/www.inshotturcambrils.com\/es\/wp-json\/wp\/v2\/comments?post=7172"}],"version-history":[{"count":0,"href":"https:\/\/www.inshotturcambrils.com\/es\/wp-json\/wp\/v2\/pages\/7172\/revisions"}],"up":[{"embeddable":true,"href":"https:\/\/www.inshotturcambrils.com\/es\/wp-json\/wp\/v2\/pages\/7094"}],"wp:attachment":[{"href":"https:\/\/www.inshotturcambrils.com\/es\/wp-json\/wp\/v2\/media?parent=7172"}],"curies":[{"name":"wp","href":"https:\/\/api.w.org\/{rel}","templated":true}]}}